{"id":148,"date":"2025-02-11T15:40:54","date_gmt":"2025-02-11T15:40:54","guid":{"rendered":"https:\/\/barakatfinancials.com\/?page_id=148"},"modified":"2025-02-19T19:35:18","modified_gmt":"2025-02-19T19:35:18","slug":"hassle-free-gst-qst-compliance-monthly-quarterly-returns","status":"publish","type":"page","link":"http:\/\/barakatfinancials.com\/fr\/hassle-free-gst-qst-compliance-monthly-quarterly-returns\/","title":{"rendered":"Conformit\u00e9 \u00e0 la TPS\/TVQ sans tracas (d\u00e9clarations mensuelles et trimestrielles)"},"content":{"rendered":"<div data-elementor-type=\"wp-page\" data-elementor-id=\"148\" class=\"elementor elementor-148\" data-elementor-post-type=\"page\">\n\t\t\t\t\t\t<section class=\"elementor-section elementor-top-section elementor-element elementor-element-fa9e39b elementor-section-height-min-height elementor-section-boxed elementor-section-height-default elementor-section-items-middle\" data-id=\"fa9e39b\" data-element_type=\"section\" data-e-type=\"section\" data-settings=\"{&quot;background_background&quot;:&quot;classic&quot;}\">\n\t\t\t\t\t\t\t<div class=\"elementor-background-overlay\"><\/div>\n\t\t\t\t\t\t\t<div class=\"elementor-container elementor-column-gap-no\">\n\t\t\t\t\t<div class=\"elementor-column elementor-col-100 elementor-top-column elementor-element elementor-element-fc7dc65\" data-id=\"fc7dc65\" data-element_type=\"column\" data-e-type=\"column\">\n\t\t\t<div class=\"elementor-widget-wrap elementor-element-populated\">\n\t\t\t\t\t\t<div class=\"elementor-element elementor-element-3818e87 elementor-widget elementor-widget-heading\" data-id=\"3818e87\" data-element_type=\"widget\" data-e-type=\"widget\" data-widget_type=\"heading.default\">\n\t\t\t\t<div class=\"elementor-widget-container\">\n\t\t\t\t\t<h1 class=\"elementor-heading-title elementor-size-default\">Conformit\u00e9 \u00e0 la TPS\/TVQ sans tracas (d\u00e9clarations mensuelles et trimestrielles)<\/h1>\t\t\t\t<\/div>\n\t\t\t\t<\/div>\n\t\t\t\t\t<\/div>\n\t\t<\/div>\n\t\t\t\t\t<\/div>\n\t\t<\/section>\n\t\t\t\t<section class=\"elementor-section elementor-top-section elementor-element elementor-element-df52c3c elementor-section-boxed elementor-section-height-default elementor-section-height-default\" data-id=\"df52c3c\" data-element_type=\"section\" data-e-type=\"section\">\n\t\t\t\t\t\t<div class=\"elementor-container elementor-column-gap-default\">\n\t\t\t\t\t<div class=\"elementor-column elementor-col-100 elementor-top-column elementor-element elementor-element-6ad9056\" data-id=\"6ad9056\" data-element_type=\"column\" data-e-type=\"column\">\n\t\t\t<div class=\"elementor-widget-wrap elementor-element-populated\">\n\t\t\t\t\t\t<section class=\"elementor-section elementor-inner-section elementor-element elementor-element-c3597ce elementor-section-boxed elementor-section-height-default elementor-section-height-default\" data-id=\"c3597ce\" data-element_type=\"section\" data-e-type=\"section\">\n\t\t\t\t\t\t<div class=\"elementor-container elementor-column-gap-no\">\n\t\t\t\t\t<div class=\"elementor-column elementor-col-50 elementor-inner-column elementor-element elementor-element-0067655\" data-id=\"0067655\" data-element_type=\"column\" data-e-type=\"column\">\n\t\t\t<div class=\"elementor-widget-wrap elementor-element-populated\">\n\t\t\t\t\t\t<div class=\"elementor-element elementor-element-f67d346 elementor-widget elementor-widget-heading\" data-id=\"f67d346\" data-element_type=\"widget\" data-e-type=\"widget\" data-widget_type=\"heading.default\">\n\t\t\t\t<div class=\"elementor-widget-container\">\n\t\t\t\t\t<h6 class=\"elementor-heading-title elementor-size-default\">INTRODUCTION Conformit\u00e9 \u00e0 la TPS\/TVQ sans tracas<\/h6>\t\t\t\t<\/div>\n\t\t\t\t<\/div>\n\t\t\t\t<div class=\"elementor-element elementor-element-bb5bca9 elementor-widget elementor-widget-heading\" data-id=\"bb5bca9\" data-element_type=\"widget\" data-e-type=\"widget\" data-widget_type=\"heading.default\">\n\t\t\t\t<div class=\"elementor-widget-container\">\n\t\t\t\t\t<h3 class=\"elementor-heading-title elementor-size-default\">Conformit\u00e9 \u00e0 la TPS\/TVQ sans tracas <\/h3>\t\t\t\t<\/div>\n\t\t\t\t<\/div>\n\t\t\t\t<div class=\"elementor-element elementor-element-19e45ea elementor-widget elementor-widget-text-editor\" data-id=\"19e45ea\" data-element_type=\"widget\" data-e-type=\"widget\" data-widget_type=\"text-editor.default\">\n\t\t\t\t<div class=\"elementor-widget-container\">\n\t\t\t\t\t\t\t\t\t<p>La navigation dans la conformit\u00e9 \u00e0 la TPS\/TVQ peut \u00eatre complexe, mais nous y parvenons <strong>sans tracas<\/strong>. Notre \u00e9quipe s'assure que vos d\u00e9clarations de revenus soient faites <strong>avec pr\u00e9cision et dans les d\u00e9lais<\/strong>, \u00e9vitant les p\u00e9nalit\u00e9s et maximisant l'efficacit\u00e9 fiscale.<\/p><p><strong>Nous fournissons :<\/strong><br \/>\u2714 Pr\u00e9paration et production des d\u00e9clarations de TPS\/TVQ<br \/>\u2714 Assurer la conformit\u00e9 avec l'ARC et Revenu Qu\u00e9bec<br \/>\u2714 Strat\u00e9gies d'optimisation fiscale<\/p>\t\t\t\t\t\t\t\t<\/div>\n\t\t\t\t<\/div>\n\t\t\t\t\t<\/div>\n\t\t<\/div>\n\t\t\t\t<div class=\"elementor-column elementor-col-50 elementor-inner-column elementor-element elementor-element-9579726\" data-id=\"9579726\" data-element_type=\"column\" data-e-type=\"column\">\n\t\t\t<div class=\"elementor-widget-wrap elementor-element-populated\">\n\t\t\t\t\t\t<div class=\"elementor-element elementor-element-b06c5e7 elementor-widget elementor-widget-image\" data-id=\"b06c5e7\" data-element_type=\"widget\" data-e-type=\"widget\" data-widget_type=\"image.default\">\n\t\t\t\t<div class=\"elementor-widget-container\">\n\t\t\t\t\t\t\t\t\t\t\t\t\t\t\t<img fetchpriority=\"high\" decoding=\"async\" width=\"800\" height=\"450\" src=\"https:\/\/barakatfinancials.com\/wp-content\/uploads\/2025\/02\/WhatsApp-Image-2025-02-20-at-12.30.24-AM-1024x576.jpeg\" class=\"attachment-large size-large wp-image-1737\" alt=\"\" srcset=\"https:\/\/barakatfinancials.com\/wp-content\/uploads\/2025\/02\/WhatsApp-Image-2025-02-20-at-12.30.24-AM-1024x576.jpeg 1024w, https:\/\/barakatfinancials.com\/wp-content\/uploads\/2025\/02\/WhatsApp-Image-2025-02-20-at-12.30.24-AM-300x169.jpeg 300w, https:\/\/barakatfinancials.com\/wp-content\/uploads\/2025\/02\/WhatsApp-Image-2025-02-20-at-12.30.24-AM-768x432.jpeg 768w, https:\/\/barakatfinancials.com\/wp-content\/uploads\/2025\/02\/WhatsApp-Image-2025-02-20-at-12.30.24-AM-18x10.jpeg 18w, https:\/\/barakatfinancials.com\/wp-content\/uploads\/2025\/02\/WhatsApp-Image-2025-02-20-at-12.30.24-AM-600x337.jpeg 600w, https:\/\/barakatfinancials.com\/wp-content\/uploads\/2025\/02\/WhatsApp-Image-2025-02-20-at-12.30.24-AM.jpeg 1140w\" sizes=\"(max-width: 800px) 100vw, 800px\" \/>\t\t\t\t\t\t\t\t\t\t\t\t\t\t\t<\/div>\n\t\t\t\t<\/div>\n\t\t\t\t\t<\/div>\n\t\t<\/div>\n\t\t\t\t\t<\/div>\n\t\t<\/section>\n\t\t\t\t\t<\/div>\n\t\t<\/div>\n\t\t\t\t\t<\/div>\n\t\t<\/section>\n\t\t\t\t<section class=\"elementor-section elementor-top-section elementor-element elementor-element-83f0c56 elementor-section-boxed elementor-section-height-default elementor-section-height-default\" data-id=\"83f0c56\" data-element_type=\"section\" data-e-type=\"section\">\n\t\t\t\t\t\t<div class=\"elementor-container elementor-column-gap-default\">\n\t\t\t\t\t<div class=\"elementor-column elementor-col-100 elementor-top-column elementor-element elementor-element-41fc193\" data-id=\"41fc193\" data-element_type=\"column\" data-e-type=\"column\">\n\t\t\t<div class=\"elementor-widget-wrap elementor-element-populated\">\n\t\t\t\t\t\t<section class=\"elementor-section elementor-inner-section elementor-element elementor-element-48e9dd0 elementor-section-boxed elementor-section-height-default elementor-section-height-default\" data-id=\"48e9dd0\" data-element_type=\"section\" data-e-type=\"section\">\n\t\t\t\t\t\t<div class=\"elementor-container elementor-column-gap-no\">\n\t\t\t\t\t<div class=\"elementor-column elementor-col-25 elementor-inner-column elementor-element elementor-element-63d2af2\" data-id=\"63d2af2\" data-element_type=\"column\" data-e-type=\"column\">\n\t\t\t<div class=\"elementor-widget-wrap elementor-element-populated\">\n\t\t\t\t\t\t<div class=\"elementor-element elementor-element-591738e elementor-position-inline-start elementor-view-default elementor-mobile-position-block-start elementor-widget elementor-widget-icon-box\" data-id=\"591738e\" data-element_type=\"widget\" data-e-type=\"widget\" data-widget_type=\"icon-box.default\">\n\t\t\t\t<div class=\"elementor-widget-container\">\n\t\t\t\t\t\t\t<div class=\"elementor-icon-box-wrapper\">\n\n\t\t\t\t\t\t<div class=\"elementor-icon-box-icon\">\n\t\t\t\t<span  class=\"elementor-icon\">\n\t\t\t\t<i aria-hidden=\"true\" class=\"icon icon-deal\"><\/i>\t\t\t\t<\/span>\n\t\t\t<\/div>\n\t\t\t\n\t\t\t\t\t\t<div class=\"elementor-icon-box-content\">\n\n\t\t\t\t\t\t\t\t\t<h5 class=\"elementor-icon-box-title\">\n\t\t\t\t\t\t<span  >\n\t\t\t\t\t\t\t\u00c9quipe certifi\u00e9e\t\t\t\t\t\t<\/span>\n\t\t\t\t\t<\/h5>\n\t\t\t\t\n\t\t\t\t\n\t\t\t<\/div>\n\t\t\t\n\t\t<\/div>\n\t\t\t\t\t\t<\/div>\n\t\t\t\t<\/div>\n\t\t\t\t<div class=\"elementor-element elementor-element-ad513d2 elementor-widget elementor-widget-text-editor\" data-id=\"ad513d2\" data-element_type=\"widget\" data-e-type=\"widget\" data-widget_type=\"text-editor.default\">\n\t\t\t\t<div class=\"elementor-widget-container\">\n\t\t\t\t\t\t\t\t\t<p>Notre \u00e9quipe est compos\u00e9e d'experts hautement qualifi\u00e9s et certifi\u00e9s, d\u00e9di\u00e9s \u00e0 fournir un service et un soutien de pointe avec excellence.<\/p>\t\t\t\t\t\t\t\t<\/div>\n\t\t\t\t<\/div>\n\t\t\t\t\t<\/div>\n\t\t<\/div>\n\t\t\t\t<div class=\"elementor-column elementor-col-25 elementor-inner-column elementor-element elementor-element-cade407\" data-id=\"cade407\" data-element_type=\"column\" data-e-type=\"column\">\n\t\t\t<div class=\"elementor-widget-wrap elementor-element-populated\">\n\t\t\t\t\t\t<div class=\"elementor-element elementor-element-c626274 elementor-position-inline-start elementor-view-default elementor-mobile-position-block-start elementor-widget elementor-widget-icon-box\" data-id=\"c626274\" data-element_type=\"widget\" data-e-type=\"widget\" data-widget_type=\"icon-box.default\">\n\t\t\t\t<div class=\"elementor-widget-container\">\n\t\t\t\t\t\t\t<div class=\"elementor-icon-box-wrapper\">\n\n\t\t\t\t\t\t<div class=\"elementor-icon-box-icon\">\n\t\t\t\t<span  class=\"elementor-icon\">\n\t\t\t\t<i aria-hidden=\"true\" class=\"icon icon-team-1\"><\/i>\t\t\t\t<\/span>\n\t\t\t<\/div>\n\t\t\t\n\t\t\t\t\t\t<div class=\"elementor-icon-box-content\">\n\n\t\t\t\t\t\t\t\t\t<h5 class=\"elementor-icon-box-title\">\n\t\t\t\t\t\t<span  >\n\t\t\t\t\t\t\tEntreprise de confiance\t\t\t\t\t\t<\/span>\n\t\t\t\t\t<\/h5>\n\t\t\t\t\n\t\t\t\t\n\t\t\t<\/div>\n\t\t\t\n\t\t<\/div>\n\t\t\t\t\t\t<\/div>\n\t\t\t\t<\/div>\n\t\t\t\t<div class=\"elementor-element elementor-element-976baf3 elementor-widget elementor-widget-text-editor\" data-id=\"976baf3\" data-element_type=\"widget\" data-e-type=\"widget\" data-widget_type=\"text-editor.default\">\n\t\t\t\t<div class=\"elementor-widget-container\">\n\t\t\t\t\t\t\t\t\t<p>Entreprise r\u00e9put\u00e9e avec des ann\u00e9es de confiance in\u00e9branlable de la part de clients et de partenaires satisfaits.<\/p>\t\t\t\t\t\t\t\t<\/div>\n\t\t\t\t<\/div>\n\t\t\t\t\t<\/div>\n\t\t<\/div>\n\t\t\t\t<div class=\"elementor-column elementor-col-25 elementor-inner-column elementor-element elementor-element-e6284f6\" data-id=\"e6284f6\" data-element_type=\"column\" data-e-type=\"column\">\n\t\t\t<div class=\"elementor-widget-wrap elementor-element-populated\">\n\t\t\t\t\t\t<div class=\"elementor-element elementor-element-3888409 elementor-position-inline-start elementor-view-default elementor-mobile-position-block-start elementor-widget elementor-widget-icon-box\" data-id=\"3888409\" data-element_type=\"widget\" data-e-type=\"widget\" data-widget_type=\"icon-box.default\">\n\t\t\t\t<div class=\"elementor-widget-container\">\n\t\t\t\t\t\t\t<div class=\"elementor-icon-box-wrapper\">\n\n\t\t\t\t\t\t<div class=\"elementor-icon-box-icon\">\n\t\t\t\t<span  class=\"elementor-icon\">\n\t\t\t\t<i aria-hidden=\"true\" class=\"icon icon-target-2\"><\/i>\t\t\t\t<\/span>\n\t\t\t<\/div>\n\t\t\t\n\t\t\t\t\t\t<div class=\"elementor-icon-box-content\">\n\n\t\t\t\t\t\t\t\t\t<h5 class=\"elementor-icon-box-title\">\n\t\t\t\t\t\t<span  >\n\t\t\t\t\t\t\tMission de l'entreprise\t\t\t\t\t\t<\/span>\n\t\t\t\t\t<\/h5>\n\t\t\t\t\n\t\t\t\t\n\t\t\t<\/div>\n\t\t\t\n\t\t<\/div>\n\t\t\t\t\t\t<\/div>\n\t\t\t\t<\/div>\n\t\t\t\t<div class=\"elementor-element elementor-element-0a3f37a elementor-widget elementor-widget-text-editor\" data-id=\"0a3f37a\" data-element_type=\"widget\" data-e-type=\"widget\" data-widget_type=\"text-editor.default\">\n\t\t\t\t<div class=\"elementor-widget-container\">\n\t\t\t\t\t\t\t\t\t<p>Engag\u00e9 \u00e0 innover des solutions qui responsabilisent les clients et enrichissent leurs exp\u00e9riences.<\/p>\t\t\t\t\t\t\t\t<\/div>\n\t\t\t\t<\/div>\n\t\t\t\t\t<\/div>\n\t\t<\/div>\n\t\t\t\t<div class=\"elementor-column elementor-col-25 elementor-inner-column elementor-element elementor-element-a7f6df2\" data-id=\"a7f6df2\" data-element_type=\"column\" data-e-type=\"column\">\n\t\t\t<div class=\"elementor-widget-wrap elementor-element-populated\">\n\t\t\t\t\t\t<div class=\"elementor-element elementor-element-8a74904 elementor-position-inline-start elementor-view-default elementor-mobile-position-block-start elementor-widget elementor-widget-icon-box\" data-id=\"8a74904\" data-element_type=\"widget\" data-e-type=\"widget\" data-widget_type=\"icon-box.default\">\n\t\t\t\t<div class=\"elementor-widget-container\">\n\t\t\t\t\t\t\t<div class=\"elementor-icon-box-wrapper\">\n\n\t\t\t\t\t\t<div class=\"elementor-icon-box-icon\">\n\t\t\t\t<span  class=\"elementor-icon\">\n\t\t\t\t<i aria-hidden=\"true\" class=\"icon icon-atomic\"><\/i>\t\t\t\t<\/span>\n\t\t\t<\/div>\n\t\t\t\n\t\t\t\t\t\t<div class=\"elementor-icon-box-content\">\n\n\t\t\t\t\t\t\t\t\t<h5 class=\"elementor-icon-box-title\">\n\t\t\t\t\t\t<span  >\n\t\t\t\t\t\t\tNotre vision\t\t\t\t\t\t<\/span>\n\t\t\t\t\t<\/h5>\n\t\t\t\t\n\t\t\t\t\n\t\t\t<\/div>\n\t\t\t\n\t\t<\/div>\n\t\t\t\t\t\t<\/div>\n\t\t\t\t<\/div>\n\t\t\t\t<div class=\"elementor-element elementor-element-8731355 elementor-widget elementor-widget-text-editor\" data-id=\"8731355\" data-element_type=\"widget\" data-e-type=\"widget\" data-widget_type=\"text-editor.default\">\n\t\t\t\t<div class=\"elementor-widget-container\">\n\t\t\t\t\t\t\t\t\t<p>Envisager un avenir o\u00f9 nos services red\u00e9finissent les normes d\u2019excellence \u00e0 l\u2019\u00e9chelle mondiale.<\/p>\t\t\t\t\t\t\t\t<\/div>\n\t\t\t\t<\/div>\n\t\t\t\t\t<\/div>\n\t\t<\/div>\n\t\t\t\t\t<\/div>\n\t\t<\/section>\n\t\t\t\t\t<\/div>\n\t\t<\/div>\n\t\t\t\t\t<\/div>\n\t\t<\/section>\n\t\t\t\t<section class=\"elementor-section elementor-top-section elementor-element elementor-element-a15a3e1 elementor-reverse-tablet elementor-reverse-mobile elementor-section-boxed elementor-section-height-default elementor-section-height-default\" data-id=\"a15a3e1\" data-element_type=\"section\" data-e-type=\"section\" data-settings=\"{&quot;background_background&quot;:&quot;classic&quot;}\">\n\t\t\t\t\t\t\t<div class=\"elementor-background-overlay\"><\/div>\n\t\t\t\t\t\t\t<div class=\"elementor-container elementor-column-gap-no\">\n\t\t\t\t\t<div class=\"elementor-column elementor-col-50 elementor-top-column elementor-element elementor-element-58215ea\" data-id=\"58215ea\" data-element_type=\"column\" data-e-type=\"column\">\n\t\t\t<div class=\"elementor-widget-wrap elementor-element-populated\">\n\t\t\t\t\t\t<div class=\"elementor-element elementor-element-c415667 elementor-widget elementor-widget-heading\" data-id=\"c415667\" data-element_type=\"widget\" data-e-type=\"widget\" data-widget_type=\"heading.default\">\n\t\t\t\t<div class=\"elementor-widget-container\">\n\t\t\t\t\t<h6 class=\"elementor-heading-title elementor-size-default\">\n\nObtenez des QUOTES GRATUITES<\/h6>\t\t\t\t<\/div>\n\t\t\t\t<\/div>\n\t\t\t\t<div class=\"elementor-element elementor-element-3d85a54 elementor-widget elementor-widget-heading\" data-id=\"3d85a54\" data-element_type=\"widget\" data-e-type=\"widget\" data-widget_type=\"heading.default\">\n\t\t\t\t<div class=\"elementor-widget-container\">\n\t\t\t\t\t<h3 class=\"elementor-heading-title elementor-size-default\">Conformit\u00e9 \u00e0 la TPS\/TVQ sans tracas\n<\/h3>\t\t\t\t<\/div>\n\t\t\t\t<\/div>\n\t\t\t\t<div class=\"elementor-element elementor-element-0a378de elementor-widget elementor-widget-text-editor\" data-id=\"0a378de\" data-element_type=\"widget\" data-e-type=\"widget\" data-widget_type=\"text-editor.default\">\n\t\t\t\t<div class=\"elementor-widget-container\">\n\t\t\t\t\t\t\t\t\t<div class=\"elementor-element elementor-element-8271da3 elementor-widget elementor-widget-text-editor\" data-id=\"8271da3\" data-element_type=\"widget\" data-widget_type=\"text-editor.default\"><div class=\"elementor-widget-container\"><p>Chez Barakat Financial, nous simplifions la conformit\u00e9 \u00e0 la TPS\/TVQ afin que vous puissiez vous concentrer sur la croissance de votre entreprise. Notre \u00e9quipe s'assure que vos d\u00e9clarations sont exactes, ponctuelles et enti\u00e8rement conformes \u00e0 la r\u00e9glementation fiscale canadienne.<\/p><p>Laissez-nous g\u00e9rer les complexit\u00e9s\u00a0; contactez-nous d\u00e8s aujourd\u2019hui pour simplifier vos processus fiscaux et \u00e9viter des p\u00e9nalit\u00e9s inutiles.<\/p><p>Pour plus d'informations ou pour commencer, envoyez-nous un courriel \u00e0 <a href=\"mailto:info@barakatfinancials.com\">info@barakatfinancials.com<\/a> ou appelez-nous au <a href=\"tel:514-316-3-317\">514-316-3-317<\/a>. Nous facilitons la conformit\u00e9 fiscale !<\/p><\/div><\/div>\t\t\t\t\t\t\t\t<\/div>\n\t\t\t\t<\/div>\n\t\t\t\t<div class=\"elementor-element elementor-element-6da25d2 elementor-widget elementor-widget-button\" data-id=\"6da25d2\" data-element_type=\"widget\" data-e-type=\"widget\" data-widget_type=\"button.default\">\n\t\t\t\t<div class=\"elementor-widget-container\">\n\t\t\t\t\t\t\t\t\t<div class=\"elementor-button-wrapper\">\n\t\t\t\t\t<a class=\"elementor-button elementor-button-link elementor-size-sm\" href=\"#\">\n\t\t\t\t\t\t<span class=\"elementor-button-content-wrapper\">\n\t\t\t\t\t\t\t\t\t<span class=\"elementor-button-text\">Obtenir un devis d\u00e8s maintenant<\/span>\n\t\t\t\t\t<\/span>\n\t\t\t\t\t<\/a>\n\t\t\t\t<\/div>\n\t\t\t\t\t\t\t\t<\/div>\n\t\t\t\t<\/div>\n\t\t\t\t\t<\/div>\n\t\t<\/div>\n\t\t\t\t<div class=\"elementor-column elementor-col-50 elementor-top-column elementor-element elementor-element-773ab24\" data-id=\"773ab24\" data-element_type=\"column\" data-e-type=\"column\">\n\t\t\t<div class=\"elementor-widget-wrap elementor-element-populated\">\n\t\t\t\t\t\t<div class=\"elementor-element elementor-element-a431f97 elementor-widget elementor-widget-image\" data-id=\"a431f97\" data-element_type=\"widget\" data-e-type=\"widget\" data-widget_type=\"image.default\">\n\t\t\t\t<div class=\"elementor-widget-container\">\n\t\t\t\t\t\t\t\t\t\t\t\t\t\t\t<img decoding=\"async\" width=\"800\" height=\"450\" src=\"https:\/\/barakatfinancials.com\/wp-content\/uploads\/2025\/02\/WhatsApp-Image-2025-02-20-at-12.26.05-AM-1024x576.jpeg\" class=\"attachment-large size-large wp-image-1738\" alt=\"\" srcset=\"https:\/\/barakatfinancials.com\/wp-content\/uploads\/2025\/02\/WhatsApp-Image-2025-02-20-at-12.26.05-AM-1024x576.jpeg 1024w, https:\/\/barakatfinancials.com\/wp-content\/uploads\/2025\/02\/WhatsApp-Image-2025-02-20-at-12.26.05-AM-300x169.jpeg 300w, https:\/\/barakatfinancials.com\/wp-content\/uploads\/2025\/02\/WhatsApp-Image-2025-02-20-at-12.26.05-AM-768x432.jpeg 768w, https:\/\/barakatfinancials.com\/wp-content\/uploads\/2025\/02\/WhatsApp-Image-2025-02-20-at-12.26.05-AM-18x10.jpeg 18w, https:\/\/barakatfinancials.com\/wp-content\/uploads\/2025\/02\/WhatsApp-Image-2025-02-20-at-12.26.05-AM-600x338.jpeg 600w, https:\/\/barakatfinancials.com\/wp-content\/uploads\/2025\/02\/WhatsApp-Image-2025-02-20-at-12.26.05-AM.jpeg 1280w\" sizes=\"(max-width: 800px) 100vw, 800px\" \/>\t\t\t\t\t\t\t\t\t\t\t\t\t\t\t<\/div>\n\t\t\t\t<\/div>\n\t\t\t\t\t<\/div>\n\t\t<\/div>\n\t\t\t\t\t<\/div>\n\t\t<\/section>\n\t\t\t\t<\/div>","protected":false},"excerpt":{"rendered":"<p>Hassle-Free GST\/QST Compliance (Monthly &amp; Quarterly Returns) INTRODUCTION Hassle-Free GST\/QST Compliance Hassle-Free GST\/QST Compliance Navigating GST\/QST compliance can be complex, but we make it hassle-free. Our team ensures that your tax filings are done accurately and on time, preventing penalties and maximizing tax efficiencies. We provide:\u2714 Preparation and filing of GST\/QST returns\u2714 Ensuring compliance with [&hellip;]<\/p>\n","protected":false},"author":1,"featured_media":0,"parent":0,"menu_order":0,"comment_status":"closed","ping_status":"closed","template":"elementor_header_footer","meta":{"footnotes":""},"class_list":["post-148","page","type-page","status-publish","hentry"],"aioseo_notices":[],"_links":{"self":[{"href":"http:\/\/barakatfinancials.com\/fr\/wp-json\/wp\/v2\/pages\/148","targetHints":{"allow":["GET"]}}],"collection":[{"href":"http:\/\/barakatfinancials.com\/fr\/wp-json\/wp\/v2\/pages"}],"about":[{"href":"http:\/\/barakatfinancials.com\/fr\/wp-json\/wp\/v2\/types\/page"}],"author":[{"embeddable":true,"href":"http:\/\/barakatfinancials.com\/fr\/wp-json\/wp\/v2\/users\/1"}],"replies":[{"embeddable":true,"href":"http:\/\/barakatfinancials.com\/fr\/wp-json\/wp\/v2\/comments?post=148"}],"version-history":[{"count":10,"href":"http:\/\/barakatfinancials.com\/fr\/wp-json\/wp\/v2\/pages\/148\/revisions"}],"predecessor-version":[{"id":1744,"href":"http:\/\/barakatfinancials.com\/fr\/wp-json\/wp\/v2\/pages\/148\/revisions\/1744"}],"wp:attachment":[{"href":"http:\/\/barakatfinancials.com\/fr\/wp-json\/wp\/v2\/media?parent=148"}],"curies":[{"name":"wp","href":"https:\/\/api.w.org\/{rel}","templated":true}]}}