{"id":265,"date":"2025-02-11T18:37:26","date_gmt":"2025-02-11T18:37:26","guid":{"rendered":"https:\/\/barakatfinancials.com\/?page_id=265"},"modified":"2025-02-11T18:45:10","modified_gmt":"2025-02-11T18:45:10","slug":"comprehensive-accounting-bookkeeping-solutions-2","status":"publish","type":"page","link":"http:\/\/barakatfinancials.com\/fr\/comprehensive-accounting-bookkeeping-solutions-2\/","title":{"rendered":"Solutions compl\u00e8tes de comptabilit\u00e9 et de tenue de livres"},"content":{"rendered":"<div data-elementor-type=\"wp-page\" data-elementor-id=\"265\" class=\"elementor elementor-265\" data-elementor-post-type=\"page\">\n\t\t\t\t\t\t<section class=\"elementor-section elementor-top-section elementor-element elementor-element-bd4d23c elementor-section-height-min-height elementor-section-boxed elementor-section-height-default elementor-section-items-middle\" data-id=\"bd4d23c\" data-element_type=\"section\" data-e-type=\"section\" data-settings=\"{&quot;background_background&quot;:&quot;classic&quot;}\">\n\t\t\t\t\t\t\t<div class=\"elementor-background-overlay\"><\/div>\n\t\t\t\t\t\t\t<div class=\"elementor-container elementor-column-gap-no\">\n\t\t\t\t\t<div class=\"elementor-column elementor-col-100 elementor-top-column elementor-element elementor-element-af2a1a2\" data-id=\"af2a1a2\" data-element_type=\"column\" data-e-type=\"column\">\n\t\t\t<div class=\"elementor-widget-wrap elementor-element-populated\">\n\t\t\t\t\t\t<div class=\"elementor-element elementor-element-6d6cd6f elementor-widget elementor-widget-heading\" data-id=\"6d6cd6f\" data-element_type=\"widget\" data-e-type=\"widget\" data-widget_type=\"heading.default\">\n\t\t\t\t<div class=\"elementor-widget-container\">\n\t\t\t\t\t<h1 class=\"elementor-heading-title elementor-size-default\">Solutions compl\u00e8tes de comptabilit\u00e9 et de tenue de livres\u200b<\/h1>\t\t\t\t<\/div>\n\t\t\t\t<\/div>\n\t\t\t\t\t<\/div>\n\t\t<\/div>\n\t\t\t\t\t<\/div>\n\t\t<\/section>\n\t\t\t\t<section class=\"elementor-section elementor-top-section elementor-element elementor-element-8caaf69 elementor-section-boxed elementor-section-height-default elementor-section-height-default\" data-id=\"8caaf69\" data-element_type=\"section\" data-e-type=\"section\">\n\t\t\t\t\t\t<div class=\"elementor-container elementor-column-gap-default\">\n\t\t\t\t\t<div class=\"elementor-column elementor-col-100 elementor-top-column elementor-element elementor-element-19ab5bf\" data-id=\"19ab5bf\" data-element_type=\"column\" data-e-type=\"column\">\n\t\t\t<div class=\"elementor-widget-wrap elementor-element-populated\">\n\t\t\t\t\t\t<section class=\"elementor-section elementor-inner-section elementor-element elementor-element-14211e2 elementor-section-boxed elementor-section-height-default elementor-section-height-default\" data-id=\"14211e2\" data-element_type=\"section\" data-e-type=\"section\">\n\t\t\t\t\t\t<div class=\"elementor-container elementor-column-gap-no\">\n\t\t\t\t\t<div class=\"elementor-column elementor-col-50 elementor-inner-column elementor-element elementor-element-8acb9e4\" data-id=\"8acb9e4\" data-element_type=\"column\" data-e-type=\"column\">\n\t\t\t<div class=\"elementor-widget-wrap elementor-element-populated\">\n\t\t\t\t\t\t<div class=\"elementor-element elementor-element-ba3f9e4 elementor-widget elementor-widget-heading\" data-id=\"ba3f9e4\" data-element_type=\"widget\" data-e-type=\"widget\" data-widget_type=\"heading.default\">\n\t\t\t\t<div class=\"elementor-widget-container\">\n\t\t\t\t\t<h6 class=\"elementor-heading-title elementor-size-default\">INTRODUCTION Solutions compl\u00e8tes de comptabilit\u00e9 et de tenue de livres\u200b<\/h6>\t\t\t\t<\/div>\n\t\t\t\t<\/div>\n\t\t\t\t<div class=\"elementor-element elementor-element-79e1329 elementor-widget elementor-widget-heading\" data-id=\"79e1329\" data-element_type=\"widget\" data-e-type=\"widget\" data-widget_type=\"heading.default\">\n\t\t\t\t<div class=\"elementor-widget-container\">\n\t\t\t\t\t<h3 class=\"elementor-heading-title elementor-size-default\">Nous avons les meilleures solutions de tenue de livres<\/h3>\t\t\t\t<\/div>\n\t\t\t\t<\/div>\n\t\t\t\t<div class=\"elementor-element elementor-element-f18b5a6 elementor-widget elementor-widget-text-editor\" data-id=\"f18b5a6\" data-element_type=\"widget\" data-e-type=\"widget\" data-widget_type=\"text-editor.default\">\n\t\t\t\t<div class=\"elementor-widget-container\">\n\t\t\t\t\t\t\t\t\t<p>Chez Barakat Financials, nous fournissons des solutions de comptabilit\u00e9 et de tenue de livres pr\u00e9cises, rapides et efficaces, adapt\u00e9es aux besoins de votre entreprise. Que vous soyez une petite startup ou une soci\u00e9t\u00e9 bien \u00e9tablie, nous nous occupons de tout, de l&#8217;enregistrement des transactions quotidiennes \u00e0 la pr\u00e9paration des rapports financiers, en garantissant le respect des normes comptables canadiennes. Restez concentr\u00e9 sur la croissance de votre entreprise pendant que nous nous occupons des chiffres.<\/p><p>Nos services de tenue de livres comprennent :<br \/>\u2714 Tenue du grand livre g\u00e9n\u00e9ral<br \/>\u2714 Gestion des comptes payables et recevables<br \/>\u2714 Rapprochements bancaires<br \/>\u2714 Suivi des d\u00e9penses et rapports financiers<\/p>\t\t\t\t\t\t\t\t<\/div>\n\t\t\t\t<\/div>\n\t\t\t\t\t<\/div>\n\t\t<\/div>\n\t\t\t\t<div class=\"elementor-column elementor-col-50 elementor-inner-column elementor-element elementor-element-6e5885c\" data-id=\"6e5885c\" data-element_type=\"column\" data-e-type=\"column\">\n\t\t\t<div class=\"elementor-widget-wrap elementor-element-populated\">\n\t\t\t\t\t\t<div class=\"elementor-element elementor-element-8281283 elementor-widget elementor-widget-image\" data-id=\"8281283\" data-element_type=\"widget\" data-e-type=\"widget\" data-widget_type=\"image.default\">\n\t\t\t\t<div class=\"elementor-widget-container\">\n\t\t\t\t\t\t\t\t\t\t\t\t\t\t\t<img fetchpriority=\"high\" decoding=\"async\" width=\"560\" height=\"570\" src=\"https:\/\/barakatfinancials.com\/wp-content\/uploads\/2025\/02\/image021.jpg\" class=\"attachment-large size-large wp-image-222\" alt=\"\" srcset=\"https:\/\/barakatfinancials.com\/wp-content\/uploads\/2025\/02\/image021.jpg 560w, https:\/\/barakatfinancials.com\/wp-content\/uploads\/2025\/02\/image021-295x300.jpg 295w\" sizes=\"(max-width: 560px) 100vw, 560px\" \/>\t\t\t\t\t\t\t\t\t\t\t\t\t\t\t<\/div>\n\t\t\t\t<\/div>\n\t\t\t\t<div class=\"elementor-element elementor-element-4a51014 elementor-widget__width-auto elementor-widget elementor-widget-elementskit-heading\" data-id=\"4a51014\" data-element_type=\"widget\" data-e-type=\"widget\" data-widget_type=\"elementskit-heading.default\">\n\t\t\t\t<div class=\"elementor-widget-container\">\n\t\t\t\t\t<div class=\"ekit-wid-con\" ><div class=\"ekit-heading elementskit-section-title-wraper text_center   ekit_heading_tablet-   ekit_heading_mobile-\"><h2 class=\"ekit-heading--title elementskit-section-title\">25<\/h2><h3 class=\"ekit-heading--subtitle elementskit-section-subtitle\">\n\t\t\t\t\t\tANN\u00c9ES DE\n\t\t\t\t\t<\/h3>\t\t\t\t<div class='ekit-heading__description'>\n\t\t\t\t\t<p>EXP\u00c9RIENCE<\/p>\n\t\t\t\t<\/div>\n\t\t\t<\/div><\/div>\t\t\t\t<\/div>\n\t\t\t\t<\/div>\n\t\t\t\t\t<\/div>\n\t\t<\/div>\n\t\t\t\t\t<\/div>\n\t\t<\/section>\n\t\t\t\t\t<\/div>\n\t\t<\/div>\n\t\t\t\t\t<\/div>\n\t\t<\/section>\n\t\t\t\t<\/div>","protected":false},"excerpt":{"rendered":"<p>Solutions compl\u00e8tes de comptabilit\u00e9 et de tenue de livres\u200b INTRODUCTION Solutions compl\u00e8tes de comptabilit\u00e9 et de tenue de livres\u200b Nous avons les meilleures solutions de tenue de livres Chez Barakat Financials, nous fournissons des solutions de comptabilit\u00e9 et de tenue de livres pr\u00e9cises, rapides et efficaces, adapt\u00e9es aux besoins de votre entreprise. Que vous soyez [&hellip;]<\/p>\n","protected":false},"author":1,"featured_media":0,"parent":0,"menu_order":0,"comment_status":"closed","ping_status":"closed","template":"elementor_header_footer","meta":{"footnotes":""},"class_list":["post-265","page","type-page","status-publish","hentry"],"aioseo_notices":[],"_links":{"self":[{"href":"http:\/\/barakatfinancials.com\/fr\/wp-json\/wp\/v2\/pages\/265","targetHints":{"allow":["GET"]}}],"collection":[{"href":"http:\/\/barakatfinancials.com\/fr\/wp-json\/wp\/v2\/pages"}],"about":[{"href":"http:\/\/barakatfinancials.com\/fr\/wp-json\/wp\/v2\/types\/page"}],"author":[{"embeddable":true,"href":"http:\/\/barakatfinancials.com\/fr\/wp-json\/wp\/v2\/users\/1"}],"replies":[{"embeddable":true,"href":"http:\/\/barakatfinancials.com\/fr\/wp-json\/wp\/v2\/comments?post=265"}],"version-history":[{"count":4,"href":"http:\/\/barakatfinancials.com\/fr\/wp-json\/wp\/v2\/pages\/265\/revisions"}],"predecessor-version":[{"id":274,"href":"http:\/\/barakatfinancials.com\/fr\/wp-json\/wp\/v2\/pages\/265\/revisions\/274"}],"wp:attachment":[{"href":"http:\/\/barakatfinancials.com\/fr\/wp-json\/wp\/v2\/media?parent=265"}],"curies":[{"name":"wp","href":"https:\/\/api.w.org\/{rel}","templated":true}]}}